{"id":30962,"date":"2025-04-29T11:01:49","date_gmt":"2025-04-29T11:01:49","guid":{"rendered":"https:\/\/cuyabenowildlifecenter.com\/?page_id=30962"},"modified":"2025-11-04T05:10:51","modified_gmt":"2025-11-04T10:10:51","slug":"cancellation-policy-regular-tours","status":"publish","type":"page","link":"https:\/\/cuyabenowildlifecenter.com\/es\/cancellation-policy-regular-tours\/","title":{"rendered":"Cancellation Policy Regular Tours"},"content":{"rendered":"<p>[et_pb_section fb_built=&#8221;1&#8243; admin_label=&#8221;About&#8221; _builder_version=&#8221;4.19.5&#8243; _module_preset=&#8221;default&#8221; background_color=&#8221;gcid-9464c34f-f9ff-43eb-9668-c958662e33fc&#8221; da_disable_devices=&#8221;off|off|off&#8221; locked=&#8221;off&#8221; collapsed=&#8221;off&#8221; global_colors_info=&#8221;{%22gcid-9464c34f-f9ff-43eb-9668-c958662e33fc%22:%91%22background_color%22%93}&#8221; da_is_popup=&#8221;off&#8221; da_exit_intent=&#8221;off&#8221; da_has_close=&#8221;on&#8221; da_alt_close=&#8221;off&#8221; da_dark_close=&#8221;off&#8221; da_not_modal=&#8221;on&#8221; da_is_singular=&#8221;off&#8221; da_with_loader=&#8221;off&#8221; da_has_shadow=&#8221;on&#8221;][et_pb_row make_equal=&#8221;on&#8221; _builder_version=&#8221;4.27.4&#8243; _module_preset=&#8221;default&#8221; width_tablet=&#8221;&#8221; width_phone=&#8221;90%&#8221; width_last_edited=&#8221;on|phone&#8221; global_colors_info=&#8221;{}&#8221;][et_pb_column type=&#8221;4_4&#8243; _builder_version=&#8221;4.19.5&#8243; _module_preset=&#8221;default&#8221; global_colors_info=&#8221;{}&#8221;][et_pb_text _builder_version=&#8221;4.27.4&#8243; _module_preset=&#8221;default&#8221; text_text_color=&#8221;#000000&#8243; text_font_size=&#8221;12px&#8221; custom_margin=&#8221;||1px|||&#8221; global_colors_info=&#8221;{}&#8221; custom_padding=&#8221;||17px|||&#8221;]<\/p>\n<p data-start=\"63\" data-end=\"97\" class=\"\" style=\"text-align: left;\">(Espa\u00f1ol m\u00e1s abajo)<\/p>\n<p>[\/et_pb_text][et_pb_image src=&#8221;https:\/\/cuyabenowildlifecenter.com\/wp-content\/uploads\/2023\/03\/health-clinic-1.png&#8221; title_text=&#8221;health-clinic-1&#8243; _builder_version=&#8221;4.19.5&#8243; _module_preset=&#8221;default&#8221; max_height=&#8221;12px&#8221; locked=&#8221;off&#8221; global_colors_info=&#8221;{}&#8221;][\/et_pb_image][et_pb_text _builder_version=&#8221;4.27.4&#8243; _module_preset=&#8221;4a80ba3b-dc09-4920-acba-18aed60f10d1&#8243; header_2_text_color=&#8221;gcid-4dccef5c-a04c-4e7c-abbe-b1e880c58010&#8243; custom_margin=&#8221;||10px||false|false&#8221; header_2_font_size_phone=&#8221;23px&#8221; global_colors_info=&#8221;{%22gcid-4dccef5c-a04c-4e7c-abbe-b1e880c58010%22:%91%22header_2_text_color%22%93}&#8221;]<\/p>\n<div class=\"et_pb_module et_pb_text et_pb_text_6  et_pb_text_align_left et_pb_bg_layout_light\">\n<div class=\"et_pb_text_inner\">\n<h2>Booking, Payment and Cancellation Policy<\/h2>\n<\/div>\n<\/div>\n<p>[\/et_pb_text][et_pb_text _builder_version=&#8221;4.27.4&#8243; _module_preset=&#8221;4a80ba3b-dc09-4920-acba-18aed60f10d1&#8243; header_2_text_color=&#8221;gcid-4dccef5c-a04c-4e7c-abbe-b1e880c58010&#8243; header_3_text_color=&#8221;gcid-73ecf0de-384b-4c02-9ce9-5c48f407e645&#8243; custom_margin=&#8221;||10px||false|false&#8221; header_3_font_size_tablet=&#8221;&#8221; header_3_font_size_phone=&#8221;20px&#8221; header_3_font_size_last_edited=&#8221;on|phone&#8221; global_colors_info=&#8221;{%22gcid-4dccef5c-a04c-4e7c-abbe-b1e880c58010%22:%91%22header_2_text_color%22%93,%22gcid-73ecf0de-384b-4c02-9ce9-5c48f407e645%22:%91%22header_3_text_color%22%93}&#8221;]<\/p>\n<div class=\"et_pb_module et_pb_text et_pb_text_6  et_pb_text_align_left et_pb_bg_layout_light\">\n<div class=\"et_pb_text_inner\">\n<h3>Regular Tours<\/h3>\n<\/div>\n<\/div>\n<p>[\/et_pb_text][et_pb_text _builder_version=&#8221;4.27.4&#8243; _module_preset=&#8221;5db63edf-02eb-4356-a4c8-7ee20ff24f17&#8243; ol_line_height=&#8221;2em&#8221; global_colors_info=&#8221;{}&#8221;]<\/p>\n<p><strong><\/strong><\/p>\n<p><strong>1. Booking Policy<\/strong><br \/>\u2022 In order to process a booking, we will need to receive complete information from each participant. When sending us your information, you certify that all your details are real. We will not take any responsibility in case of omission or non-disclosure of key information related to your health or other important information that could potentially affect your experience with us.<br \/>\u2022 Once we receive your booking, we will process it within 24 hours.<\/p>\n<p><strong>2. Payment Policy<\/strong><br \/>\u2022 Full payment is required in order to confirm your booking, payment can be made through our website: cuyabenowildlifecenter.com OR using an alternative method indicated by one of our representatives.<br \/>\u2022 We will send your booking confirmation including all necessary details once we have received full payment.<\/p>\n<p><strong>3. Change &amp; Cancellation Policy<\/strong><br \/><strong>3.1. Changes<\/strong><br \/>\u2022 We understand that unexpected situations and sudden changes of plans can occur. Therefore, we offer the chance to reschedule your tour free of charge up to 72 hours (3 days) prior to the original starting date of your tour. Please note that the new date will be subject to availability, and we cannot guarantee you will get your desired starting date.<br \/>\u2022 If you request a change within the 72 hours (3 days) prior to the starting date of your itinerary, we will not be able to accept it immediately. We will internally review your request and get back to you with the best possible solution. Please keep in mind that a change with such short notice might incur extra expenses. Your agent will evaluate and discuss the most convenient alternative with you.<br \/>\u2022 The first change of date is free of charge. If you require another change, there will be a 25 USD administrative fee per booking per change.<\/p>\n<p><strong>3.2. Cancellations<\/strong><br \/>Sometimes, rescheduling may not be possible, and therefore, we will have to face and opt for a cancellation. We have divided this section into two parts: Cancellation by the traveller and Cancellation by Cuyabeno Wildlife Center\u00ae. In both situations, we strongly advise our visitors to purchase comprehensive travel insurance that can cover unexpected situations.<\/p>\n<p><strong>Cancellation by the traveller:<\/strong> If you choose to cancel your booking while our operations are ongoing, and we can assure that the tour operation will be feasible for you and other travelers, the following policy will be enforced.<br \/>External and extraordinary circumstances beyond our control will not affect the validity of these policies. In the event of cancellation on your end, we will consistently use the original booking date to calculate the refund percentage.<br \/>\u2022 Cancellations made 30 days prior to the tour&#8217;s starting date incur a 0% cancellation fee over the total booking. A refund will be issued, minus an administrative fee of 35 USD per person.<br \/>\u2022 For cancellations received between 29 and 08 days prior to the tour&#8217;s starting date, a 40% cancellation fee over the total booking will be applied, entitling you to a 60% refund.<br \/>\u2022 For cancellations received between 07 and 03 days prior to the tour&#8217;s starting date, a 75% cancellation fee over the total booking will be applied, entitling you to a 25% refund.<br \/>\u2022 For cancellations received within 48 hours (02 days) prior to the tour&#8217;s starting date, or a no-show will incur a 100% cancellation fee over the total booking, with no refund entitlement.<br \/>\u2022 If you choose to cancel your trip midway, no refund will be provided for the unused portion.<\/p>\n<p><strong>Cancellation by Cuyabeno Wildlife Center\u00ae:<\/strong> In the event that we are compelled to cancel your itinerary, we confirm that the operation of your itinerary will not be feasible. Such cancellations may arise from either external or internal circumstances. Before proceeding with cancellation, we will provide you with a suitable alternative to continue with your travel arrangements. If this alternative is not suitable, we will reimburse you for the paid amount in the same manner as the original transaction. Please be aware that refunds in extraordinary and unforeseen situations will not be immediately approved. We reserve the right to apply alternative forms of compensation, such as credit notes or partial refunds.<\/p>\n<p>[\/et_pb_text][\/et_pb_column][\/et_pb_row][et_pb_row make_equal=&#8221;on&#8221; _builder_version=&#8221;4.27.4&#8243; _module_preset=&#8221;default&#8221; width_tablet=&#8221;&#8221; width_phone=&#8221;90%&#8221; width_last_edited=&#8221;on|phone&#8221; global_colors_info=&#8221;{}&#8221;][et_pb_column type=&#8221;4_4&#8243; _builder_version=&#8221;4.19.5&#8243; _module_preset=&#8221;default&#8221; global_colors_info=&#8221;{}&#8221;][et_pb_image src=&#8221;https:\/\/cuyabenowildlifecenter.com\/wp-content\/uploads\/2023\/03\/health-clinic-1.png&#8221; title_text=&#8221;health-clinic-1&#8243; _builder_version=&#8221;4.19.5&#8243; _module_preset=&#8221;default&#8221; max_height=&#8221;12px&#8221; locked=&#8221;off&#8221; global_colors_info=&#8221;{}&#8221;][\/et_pb_image][et_pb_text _builder_version=&#8221;4.27.4&#8243; _module_preset=&#8221;4a80ba3b-dc09-4920-acba-18aed60f10d1&#8243; header_2_text_color=&#8221;gcid-4dccef5c-a04c-4e7c-abbe-b1e880c58010&#8243; custom_margin=&#8221;||10px||false|false&#8221; header_2_font_size_phone=&#8221;23px&#8221; global_colors_info=&#8221;{%22gcid-4dccef5c-a04c-4e7c-abbe-b1e880c58010%22:%91%22header_2_text_color%22%93}&#8221;]<\/p>\n<div class=\"et_pb_module et_pb_text et_pb_text_6  et_pb_text_align_left et_pb_bg_layout_light\">\n<div class=\"et_pb_text_inner\">\n<h2>Pol\u00edtica de Reservas, Pagos y Cancelaciones<\/h2>\n<\/div>\n<\/div>\n<p>[\/et_pb_text][et_pb_text _builder_version=&#8221;4.27.4&#8243; _module_preset=&#8221;4a80ba3b-dc09-4920-acba-18aed60f10d1&#8243; header_2_text_color=&#8221;gcid-4dccef5c-a04c-4e7c-abbe-b1e880c58010&#8243; header_3_text_color=&#8221;gcid-73ecf0de-384b-4c02-9ce9-5c48f407e645&#8243; custom_margin=&#8221;||10px||false|false&#8221; header_3_font_size_tablet=&#8221;&#8221; header_3_font_size_phone=&#8221;20px&#8221; header_3_font_size_last_edited=&#8221;on|phone&#8221; global_colors_info=&#8221;{%22gcid-4dccef5c-a04c-4e7c-abbe-b1e880c58010%22:%91%22header_2_text_color%22%93,%22gcid-73ecf0de-384b-4c02-9ce9-5c48f407e645%22:%91%22header_3_text_color%22%93}&#8221;]<\/p>\n<div class=\"et_pb_module et_pb_text et_pb_text_6  et_pb_text_align_left et_pb_bg_layout_light\">\n<div class=\"et_pb_text_inner\">\n<h3>Tours Regulares<\/h3>\n<\/div>\n<\/div>\n<p>[\/et_pb_text][et_pb_text _builder_version=&#8221;4.27.4&#8243; _module_preset=&#8221;5db63edf-02eb-4356-a4c8-7ee20ff24f17&#8243; ol_line_height=&#8221;2em&#8221; global_colors_info=&#8221;{}&#8221;]<\/p>\n<p class=\"\" data-start=\"5530\" data-end=\"6007\"><strong data-start=\"5530\" data-end=\"5557\">1. Pol\u00edtica de reservas<\/strong><br data-start=\"5557\" data-end=\"5560\" \/>\u2022 Para poder procesar una reserva, necesitaremos recibir la informaci\u00f3n completa de cada participante. Al enviarnos su informaci\u00f3n, certifica que todos sus datos son reales. No asumimos ninguna responsabilidad en caso de omisi\u00f3n o no divulgaci\u00f3n de informaci\u00f3n clave relacionada con su salud u otra informaci\u00f3n importante que pueda afectar su experiencia con nosotros.<br data-start=\"5928\" data-end=\"5931\" \/>\u2022 Una vez que recibamos su reserva, la procesaremos en un plazo de 24 horas.<\/p>\n<p class=\"\" data-start=\"6009\" data-end=\"6625\"><strong data-start=\"6009\" data-end=\"6032\">2. Pol\u00edtica de pago<\/strong><br data-start=\"6032\" data-end=\"6035\" \/>\u2022 Se requiere el pago completo para poder confirmar su reserva, el pago puede realizarse por medio de nuestro sitio web: cuyabenowildlifecenter.com O usando un m\u00e9todo alternativo indicado por uno de nuestros representantes.<br data-start=\"6258\" data-end=\"6261\" \/>\u2022 Le enviaremos la confirmaci\u00f3n de su reserva incluyendo todos los detalles necesarios una vez que hayamos recibido el pago completo.<\/p>\n<p class=\"\" data-start=\"6627\" data-end=\"7621\"><strong data-start=\"6627\" data-end=\"6669\">3. Pol\u00edtica de cambios y cancelaciones<\/strong><br data-start=\"6669\" data-end=\"6672\" \/><strong data-start=\"6672\" data-end=\"6688\">3.1. Cambios<\/strong><br data-start=\"6688\" data-end=\"6691\" \/>\u2022 Entendemos que pueden ocurrir situaciones inesperadas y cambios repentinos de planes. Por lo tanto, ofrecemos la oportunidad de reprogramar su recorrido de forma gratuita hasta 72 horas (3 d\u00edas) antes de la fecha de inicio original de su recorrido. Tenga en cuenta que la nueva fecha estar\u00e1 sujeta a disponibilidad y no podemos garantizar que obtenga la fecha de inicio deseada.<br data-start=\"7071\" data-end=\"7074\" \/>\u2022 Si solicita un cambio dentro de las 72 horas (3 d\u00edas) anteriores a la fecha de inicio de su itinerario, no podremos aceptarlo de inmediato. Revisaremos internamente su solicitud y nos pondremos en contacto con usted con la mejor soluci\u00f3n posible. Tenga en cuenta que un cambio con tan poca antelaci\u00f3n puede incurrir en gastos adicionales. Su agente evaluar\u00e1 y discutir\u00e1 con usted la alternativa m\u00e1s conveniente.<br data-start=\"7487\" data-end=\"7490\" \/>\u2022 El primer cambio de fecha es gratuito. Si requiere otro cambio, habr\u00e1 una tarifa administrativa de 25 USD por reserva por cambio.<\/p>\n<p class=\"\" data-start=\"7623\" data-end=\"9350\"><strong data-start=\"7623\" data-end=\"7645\">3.2. Cancelaciones<\/strong><br data-start=\"7645\" data-end=\"7648\" \/>En ocasiones, la reprogramaci\u00f3n puede no ser posible, y por lo tanto, tendremos que optar por una cancelaci\u00f3n. Hemos dividido esta secci\u00f3n en dos partes: Cancelaci\u00f3n por parte del viajero y Cancelaci\u00f3n por parte de Cuyabeno Wildlife Center\u00ae. En ambas situaciones, recomendamos encarecidamente a nuestros visitantes que compren un seguro de viaje completo que pueda cubrir situaciones inesperadas.<\/p>\n<p class=\"\" data-start=\"7623\" data-end=\"9350\"><strong data-start=\"8047\" data-end=\"8085\">Cancelaci\u00f3n por parte del viajero:<\/strong> Si decide cancelar su reserva mientras nuestras operaciones est\u00e1n en curso, y podemos asegurar que la operaci\u00f3n del tour ser\u00e1 factible para usted y otros viajeros, se aplicar\u00e1 la siguiente pol\u00edtica. Las circunstancias externas y extraordinarias fuera de nuestro control no afectar\u00e1n la validez de estas pol\u00edticas. En caso de cancelaci\u00f3n por su parte, utilizaremos sistem\u00e1ticamente la fecha de reserva original para calcular el porcentaje de reembolso.<br data-start=\"8537\" data-end=\"8540\" \/>\u2022 Las cancelaciones realizadas 30 d\u00edas antes de la fecha de inicio del tour incurren en una tarifa de cancelaci\u00f3n del 0% sobre el total de la reserva. Se emitir\u00e1 un reembolso, menos una tarifa administrativa de 35 USD por persona.<br data-start=\"309\" data-end=\"312\" \/>\u2022 Para cancelaciones recibidas entre 29 y 08 d\u00edas antes de la fecha de inicio del tour, se aplicar\u00e1 una tarifa de cancelaci\u00f3n del 40% sobre el total de la reserva, lo que le dar\u00e1 derecho a un reembolso del 60%.<br data-start=\"522\" data-end=\"525\" \/>\u2022 Para cancelaciones recibidas entre 07 y 03 d\u00edas antes de la fecha de inicio del tour, se aplicar\u00e1 una tarifa de cancelaci\u00f3n del 75% sobre el total de la reserva, lo que le dar\u00e1 derecho a un reembolso del 25%.<br data-start=\"735\" data-end=\"738\" \/>\u2022 Para cancelaciones recibidas 48 horas (02 d\u00edas) antes de la fecha de inicio del tour, o en caso de no presentarse, se aplicar\u00e1 una tarifa de cancelaci\u00f3n del 100% sobre el total de la reserva, sin derecho a reembolso.\u00a0<br \/>\u2022 Si usted decide cancelar su viaje a mitad de camino, no se realizar\u00e1 ning\u00fan reembolso por el tiempo o recursos no utilizados.<\/p>\n<p class=\"\" data-start=\"9352\" data-end=\"10077\"><strong data-start=\"9352\" data-end=\"9407\">Cancelaci\u00f3n por parte de Cuyabeno Wildlife Center\u00ae:<\/strong> En caso de que nos veamos obligados a cancelar su tour, confirmamos que la operaci\u00f3n de su itinerario no ser\u00e1 factible. Dichas cancelaciones pueden deberse a circunstancias externas o internas. Antes de proceder con la cancelaci\u00f3n, le proporcionaremos una alternativa adecuada para continuar con sus planes de viaje. Si esta alternativa no es adecuada, le reembolsaremos el importe pagado de la misma manera que en la transacci\u00f3n original. Tenga en cuenta que los reembolsos en situaciones extraordinarias e imprevistas no se aprobar\u00e1n de inmediato. Nos reservamos el derecho de aplicar formas alternativas de compensaci\u00f3n, como notas de cr\u00e9dito o reembolsos parciales.<\/p>\n<p>[\/et_pb_text][\/et_pb_column][\/et_pb_row][\/et_pb_section]<\/p>\n","protected":false},"excerpt":{"rendered":"<p>(Espa\u00f1ol m\u00e1s abajo) Booking, Payment and Cancellation Policy Regular Tours 1. Booking Policy\u2022 In order to process a booking, we will need to receive complete information from each participant. When sending us your information, you certify that all your details are real. We will not take any responsibility in case of omission or non-disclosure of [&hellip;]<\/p>\n","protected":false},"author":1,"featured_media":0,"parent":0,"menu_order":0,"comment_status":"closed","ping_status":"closed","template":"","meta":{"_et_pb_use_builder":"on","_et_pb_old_content":"","_et_gb_content_width":"","footnotes":""},"class_list":["post-30962","page","type-page","status-publish","hentry"],"yoast_head":"<!-- This site is optimized with the Yoast SEO plugin v27.5 - https:\/\/yoast.com\/product\/yoast-seo-wordpress\/ -->\n<title>Cancellation Policy: Regular Tours | Cuyabeno Wildlife Center<\/title>\n<meta name=\"robots\" content=\"noindex, follow\" \/>\n<meta property=\"og:locale\" content=\"es_ES\" \/>\n<meta property=\"og:type\" content=\"article\" \/>\n<meta property=\"og:title\" content=\"Cancellation Policy: Regular Tours | Cuyabeno Wildlife Center\" \/>\n<meta property=\"og:description\" content=\"(Espa\u00f1ol m\u00e1s abajo) Booking, Payment and Cancellation Policy Regular Tours 1. Booking Policy\u2022 In order to process a booking, we will need to receive complete information from each participant. When sending us your information, you certify that all your details are real. We will not take any responsibility in case of omission or non-disclosure of [&hellip;]\" \/>\n<meta property=\"og:url\" content=\"https:\/\/cuyabenowildlifecenter.com\/es\/cancellation-policy-regular-tours\/\" \/>\n<meta property=\"og:site_name\" content=\"Cuyabeno Wildlife Center\" \/>\n<meta property=\"article:modified_time\" content=\"2025-11-04T10:10:51+00:00\" \/>\n<meta name=\"twitter:card\" content=\"summary_large_image\" \/>\n<meta name=\"twitter:label1\" content=\"Tiempo de lectura\" \/>\n\t<meta name=\"twitter:data1\" content=\"8 minutos\" \/>\n<script type=\"application\/ld+json\" class=\"yoast-schema-graph\">{\"@context\":\"https:\\\/\\\/schema.org\",\"@graph\":[{\"@type\":\"WebPage\",\"@id\":\"https:\\\/\\\/cuyabenowildlifecenter.com\\\/cancellation-policy-regular-tours\\\/\",\"url\":\"https:\\\/\\\/cuyabenowildlifecenter.com\\\/cancellation-policy-regular-tours\\\/\",\"name\":\"Cancellation Policy: Regular Tours | Cuyabeno Wildlife Center\",\"isPartOf\":{\"@id\":\"https:\\\/\\\/cuyabenowildlifecenter.com\\\/#website\"},\"datePublished\":\"2025-04-29T11:01:49+00:00\",\"dateModified\":\"2025-11-04T10:10:51+00:00\",\"breadcrumb\":{\"@id\":\"https:\\\/\\\/cuyabenowildlifecenter.com\\\/cancellation-policy-regular-tours\\\/#breadcrumb\"},\"inLanguage\":\"es\",\"potentialAction\":[{\"@type\":\"ReadAction\",\"target\":[\"https:\\\/\\\/cuyabenowildlifecenter.com\\\/cancellation-policy-regular-tours\\\/\"]}]},{\"@type\":\"BreadcrumbList\",\"@id\":\"https:\\\/\\\/cuyabenowildlifecenter.com\\\/cancellation-policy-regular-tours\\\/#breadcrumb\",\"itemListElement\":[{\"@type\":\"ListItem\",\"position\":1,\"name\":\"Home\",\"item\":\"https:\\\/\\\/cuyabenowildlifecenter.com\\\/\"},{\"@type\":\"ListItem\",\"position\":2,\"name\":\"Cancellation Policy Regular Tours\"}]},{\"@type\":\"WebSite\",\"@id\":\"https:\\\/\\\/cuyabenowildlifecenter.com\\\/#website\",\"url\":\"https:\\\/\\\/cuyabenowildlifecenter.com\\\/\",\"name\":\"Cuyabeno Wildlife Center\",\"description\":\"Ecolodge in the Amazon\",\"potentialAction\":[{\"@type\":\"SearchAction\",\"target\":{\"@type\":\"EntryPoint\",\"urlTemplate\":\"https:\\\/\\\/cuyabenowildlifecenter.com\\\/?s={search_term_string}\"},\"query-input\":{\"@type\":\"PropertyValueSpecification\",\"valueRequired\":true,\"valueName\":\"search_term_string\"}}],\"inLanguage\":\"es\"}]}<\/script>\n<!-- \/ Yoast SEO plugin. -->","yoast_head_json":{"title":"Cancellation Policy: Regular Tours | Cuyabeno Wildlife Center","robots":{"index":"noindex","follow":"follow"},"og_locale":"es_ES","og_type":"article","og_title":"Cancellation Policy: Regular Tours | Cuyabeno Wildlife Center","og_description":"(Espa\u00f1ol m\u00e1s abajo) Booking, Payment and Cancellation Policy Regular Tours 1. Booking Policy\u2022 In order to process a booking, we will need to receive complete information from each participant. When sending us your information, you certify that all your details are real. We will not take any responsibility in case of omission or non-disclosure of [&hellip;]","og_url":"https:\/\/cuyabenowildlifecenter.com\/es\/cancellation-policy-regular-tours\/","og_site_name":"Cuyabeno Wildlife Center","article_modified_time":"2025-11-04T10:10:51+00:00","twitter_card":"summary_large_image","twitter_misc":{"Tiempo de lectura":"8 minutos"},"schema":{"@context":"https:\/\/schema.org","@graph":[{"@type":"WebPage","@id":"https:\/\/cuyabenowildlifecenter.com\/cancellation-policy-regular-tours\/","url":"https:\/\/cuyabenowildlifecenter.com\/cancellation-policy-regular-tours\/","name":"Cancellation Policy: Regular Tours | Cuyabeno Wildlife Center","isPartOf":{"@id":"https:\/\/cuyabenowildlifecenter.com\/#website"},"datePublished":"2025-04-29T11:01:49+00:00","dateModified":"2025-11-04T10:10:51+00:00","breadcrumb":{"@id":"https:\/\/cuyabenowildlifecenter.com\/cancellation-policy-regular-tours\/#breadcrumb"},"inLanguage":"es","potentialAction":[{"@type":"ReadAction","target":["https:\/\/cuyabenowildlifecenter.com\/cancellation-policy-regular-tours\/"]}]},{"@type":"BreadcrumbList","@id":"https:\/\/cuyabenowildlifecenter.com\/cancellation-policy-regular-tours\/#breadcrumb","itemListElement":[{"@type":"ListItem","position":1,"name":"Home","item":"https:\/\/cuyabenowildlifecenter.com\/"},{"@type":"ListItem","position":2,"name":"Cancellation Policy Regular Tours"}]},{"@type":"WebSite","@id":"https:\/\/cuyabenowildlifecenter.com\/#website","url":"https:\/\/cuyabenowildlifecenter.com\/","name":"Cuyabeno Wildlife Center","description":"Ecolodge in the Amazon","potentialAction":[{"@type":"SearchAction","target":{"@type":"EntryPoint","urlTemplate":"https:\/\/cuyabenowildlifecenter.com\/?s={search_term_string}"},"query-input":{"@type":"PropertyValueSpecification","valueRequired":true,"valueName":"search_term_string"}}],"inLanguage":"es"}]}},"_links":{"self":[{"href":"https:\/\/cuyabenowildlifecenter.com\/es\/wp-json\/wp\/v2\/pages\/30962","targetHints":{"allow":["GET"]}}],"collection":[{"href":"https:\/\/cuyabenowildlifecenter.com\/es\/wp-json\/wp\/v2\/pages"}],"about":[{"href":"https:\/\/cuyabenowildlifecenter.com\/es\/wp-json\/wp\/v2\/types\/page"}],"author":[{"embeddable":true,"href":"https:\/\/cuyabenowildlifecenter.com\/es\/wp-json\/wp\/v2\/users\/1"}],"replies":[{"embeddable":true,"href":"https:\/\/cuyabenowildlifecenter.com\/es\/wp-json\/wp\/v2\/comments?post=30962"}],"version-history":[{"count":1,"href":"https:\/\/cuyabenowildlifecenter.com\/es\/wp-json\/wp\/v2\/pages\/30962\/revisions"}],"predecessor-version":[{"id":31905,"href":"https:\/\/cuyabenowildlifecenter.com\/es\/wp-json\/wp\/v2\/pages\/30962\/revisions\/31905"}],"wp:attachment":[{"href":"https:\/\/cuyabenowildlifecenter.com\/es\/wp-json\/wp\/v2\/media?parent=30962"}],"curies":[{"name":"wp","href":"https:\/\/api.w.org\/{rel}","templated":true}]}}